{"id":90,"date":"2019-10-12T14:24:02","date_gmt":"2019-10-12T14:24:02","guid":{"rendered":"https:\/\/kulikgmbh.ch\/?page_id=90"},"modified":"2025-05-22T17:11:55","modified_gmt":"2025-05-22T17:11:55","slug":"ueber-uns","status":"publish","type":"page","link":"https:\/\/kulikgmbh.ch\/?page_id=90","title":{"rendered":"\u00dcBER UNS"},"content":{"rendered":"\t\t<div data-elementor-type=\"wp-page\" data-elementor-id=\"90\" class=\"elementor elementor-90\">\n\t\t\t\t<div class=\"aux-parallax-section elementor-element elementor-element-8ada3bb e-flex e-con-boxed e-con e-parent\" data-id=\"8ada3bb\" data-element_type=\"container\">\n\t\t\t\t\t<div class=\"e-con-inner\">\n\t\t<div class=\"elementor-element elementor-element-ad60e68 e-con-full e-flex e-con e-child\" data-id=\"ad60e68\" data-element_type=\"container\">\n\t\t\t\t<div class=\"elementor-element elementor-element-c9e591d aux-appear-watch-animation aux-mask-from-left elementor-widget elementor-widget-aux_image\" data-id=\"c9e591d\" data-element_type=\"widget\" data-widget_type=\"aux_image.default\">\n\t\t\t\t<div class=\"elementor-widget-container\">\n\t\t\t\t\t<section class=\"widget-container aux-widget-image aux-alignnone aux-parent-auc110506b\">\n    <div class=\"aux-media-hint-frame \">\n        <div class=\"aux-media-image \" >\n        \n            \n\n            \n            <img fetchpriority=\"high\" decoding=\"async\" width=\"598\" height=\"716\" src=\"data:image\/gif;base64,R0lGODlhAQABAIAAAAAAAP\/\/\/yH5BAEAAAAALAAAAAABAAEAAAIBRAA7\" class=\"aux-attachment aux-featured-image aux-attachment-id-412 aux-preload aux-blank\" alt=\"Zrzut ekranu 2025-04-25 141038\" data-ratio=\"0.84\" data-original-w=\"598\" data-src=\"https:\/\/kulikgmbh.ch\/wp-content\/uploads\/2025\/04\/Zrzut-ekranu-2025-04-25-141038.png\" \/>            \n                <\/div>\n    <\/div>\n\n<\/section><!-- widget-container -->\t\t\t\t<\/div>\n\t\t\t\t<\/div>\n\t\t\t\t<\/div>\n\t\t<div class=\"elementor-element elementor-element-8eed2dd e-con-full e-flex e-con e-child\" data-id=\"8eed2dd\" data-element_type=\"container\">\n\t\t\t\t<div class=\"elementor-element elementor-element-4dbc661 aux-appear-watch-animation aux-fade-in-right-1 elementor-widget elementor-widget-aux_modern_heading\" data-id=\"4dbc661\" data-element_type=\"widget\" data-widget_type=\"aux_modern_heading.default\">\n\t\t\t\t<div class=\"elementor-widget-container\">\n\t\t\t\t\t<section class=\"aux-widget-modern-heading\">\n            <div class=\"aux-widget-inner\"><h5 class=\"aux-modern-heading-primary\"><\/h5><h3 class=\"aux-modern-heading-secondary\"><span class=\"aux-head-before\">\u00dcber uns<\/span><\/h3><div class=\"aux-modern-heading-description\"><p class=\"\" data-start=\"148\" data-end=\"276\"><strong data-start=\"148\" data-end=\"177\">Sicher. Sch\u00f6n. Best\u00e4ndig.<\/strong><br data-start=\"177\" data-end=\"180\" \/>Ihr verl\u00e4sslicher Partner f\u00fcr langlebige und \u00e4sthetische Aussenfl\u00e4chen \u2013 direkt aus der Schweiz.<\/p><p class=\"\" data-start=\"278\" data-end=\"557\"><strong data-start=\"278\" data-end=\"292\">Kulik GmbH<\/strong> ist ein Unternehmen, das sich auf die professionelle Gestaltung und Sanierung von Aussenbereichen spezialisiert hat. Ob Garageneinfahrt, Gartenweg, Balkon, Terrasse oder Fensterbank \u2013 wir verbinden Qualit\u00e4t, Funktionalit\u00e4t und Design auf h\u00f6chstem Niveau.<\/p><p class=\"\" data-start=\"559\" data-end=\"903\">Mit langj\u00e4hriger Erfahrung und grossem handwerklichem Know-how bieten wir massgeschneiderte L\u00f6sungen, die perfekt auf Ihre Bed\u00fcrfnisse und die baulichen Gegebenheiten abgestimmt sind. Unser Leistungsspektrum umfasst unter anderem die Verlegung von Plattenbel\u00e4gen, die Sanierung von Balkonen und Terrassen sowie zuverl\u00e4ssige Abdichtungsarbeiten.<\/p><p class=\"\" data-start=\"905\" data-end=\"1022\">Unser Anspruch: Aussenfl\u00e4chen, die nicht nur praktisch und witterungsbest\u00e4ndig sind, sondern auch optisch \u00fcberzeugen.<\/p><p class=\"\" data-start=\"1663\" data-end=\"1765\">\u00a0<\/p><\/div><\/div>\n        <\/section>\t\t\t\t<\/div>\n\t\t\t\t<\/div>\n\t\t\t\t<\/div>\n\t\t\t\t\t<\/div>\n\t\t\t\t<\/div>\n\t\t<div class=\"aux-parallax-section elementor-element elementor-element-277f485 e-flex e-con-boxed e-con e-parent\" data-id=\"277f485\" data-element_type=\"container\">\n\t\t\t\t\t<div class=\"e-con-inner\">\n\t\t\t\t<div class=\"elementor-element elementor-element-526015e elementor-widget elementor-widget-text-editor\" data-id=\"526015e\" data-element_type=\"widget\" data-widget_type=\"text-editor.default\">\n\t\t\t\t<div class=\"elementor-widget-container\">\n\t\t\t\t\t\t\t\t\t<h4 class=\"\" data-start=\"1024\" data-end=\"1046\">Darum Kulik GmbH:<\/h4><ul data-start=\"1048\" data-end=\"1661\"><li class=\"\" data-start=\"1048\" data-end=\"1196\"><p class=\"\" data-start=\"1050\" data-end=\"1196\"><strong data-start=\"1050\" data-end=\"1086\">Schweizer Qualit\u00e4t und Erfahrung<\/strong><br data-start=\"1086\" data-end=\"1089\" \/>Wir kennen die Anforderungen des hiesigen Klimas und der Bauweise \u2013 und liefern L\u00f6sungen, die \u00fcberzeugen.<\/p><\/li><li class=\"\" data-start=\"1198\" data-end=\"1322\"><p class=\"\" data-start=\"1200\" data-end=\"1322\"><strong data-start=\"1200\" data-end=\"1235\">Termintreue und Verl\u00e4sslichkeit<\/strong><br data-start=\"1235\" data-end=\"1238\" \/>Wir halten, was wir versprechen \u2013 effizient, strukturiert und mit klarem Zeitplan.<\/p><\/li><li class=\"\" data-start=\"1324\" data-end=\"1491\"><p class=\"\" data-start=\"1326\" data-end=\"1491\"><strong data-start=\"1326\" data-end=\"1370\">Garantierte Langlebigkeit und Sicherheit<\/strong><br data-start=\"1370\" data-end=\"1373\" \/>Unsere Arbeiten sind fachgerecht ausgef\u00fchrt und garantiert langlebig \u2013 f\u00fcr langfristigen Werterhalt Ihrer Immobilie.<\/p><\/li><li class=\"\" data-start=\"1493\" data-end=\"1661\"><p class=\"\" data-start=\"1495\" data-end=\"1661\"><strong data-start=\"1495\" data-end=\"1529\">Top-Qualit\u00e4t zu fairen Preisen<\/strong><br data-start=\"1529\" data-end=\"1532\" \/>Wir vereinen hochwertige Materialien mit pr\u00e4ziser Ausf\u00fchrung \u2013 zu einem Preis-Leistungs-Verh\u00e4ltnis, das sich sehen lassen kann.<\/p><\/li><\/ul><p class=\"\" data-start=\"1663\" data-end=\"1765\">Setzen Sie auf solides Schweizer Handwerk, \u00c4sthetik und Best\u00e4ndigkeit \u2013 setzen Sie auf <strong data-start=\"1750\" data-end=\"1764\">Kulik GmbH<\/strong>.<\/p>\t\t\t\t\t\t\t\t<\/div>\n\t\t\t\t<\/div>\n\t\t\t\t\t<\/div>\n\t\t\t\t<\/div>\n\t\t\t\t<\/div>\n\t\t","protected":false},"excerpt":{"rendered":"<p>\u00dcber uns Sicher. Sch\u00f6n. Best\u00e4ndig.Ihr verl\u00e4sslicher Partner f\u00fcr langlebige und \u00e4sthetische Aussenfl\u00e4chen \u2013 direkt aus der Schweiz. Kulik GmbH ist ein Unternehmen, das sich auf die professionelle Gestaltung und Sanierung von Aussenbereichen spezialisiert hat. Ob Garageneinfahrt, Gartenweg, Balkon, Terrasse oder Fensterbank \u2013 wir verbinden Qualit\u00e4t, Funktionalit\u00e4t und Design auf h\u00f6chstem Niveau. Mit langj\u00e4hriger Erfahrung und [&hellip;]<\/p>\n","protected":false},"author":1,"featured_media":0,"parent":0,"menu_order":0,"comment_status":"closed","ping_status":"closed","template":"templates\/page-builder-content.php","meta":{"footnotes":""},"class_list":["post-90","page","type-page","status-publish","hentry"],"yoast_head":"<!-- This site is optimized with the Yoast SEO plugin v25.1 - https:\/\/yoast.com\/wordpress\/plugins\/seo\/ -->\n<title>\u00dcBER UNS -<\/title>\n<meta name=\"robots\" content=\"index, follow, max-snippet:-1, max-image-preview:large, max-video-preview:-1\" \/>\n<link rel=\"canonical\" href=\"https:\/\/kulikgmbh.ch\/?page_id=90\" \/>\n<meta property=\"og:locale\" content=\"de_DE\" \/>\n<meta property=\"og:type\" content=\"article\" \/>\n<meta property=\"og:title\" content=\"\u00dcBER UNS -\" \/>\n<meta property=\"og:description\" content=\"\u00dcber uns Sicher. Sch\u00f6n. Best\u00e4ndig.Ihr verl\u00e4sslicher Partner f\u00fcr langlebige und \u00e4sthetische Aussenfl\u00e4chen \u2013 direkt aus der Schweiz. Kulik GmbH ist ein Unternehmen, das sich auf die professionelle Gestaltung und Sanierung von Aussenbereichen spezialisiert hat. Ob Garageneinfahrt, Gartenweg, Balkon, Terrasse oder Fensterbank \u2013 wir verbinden Qualit\u00e4t, Funktionalit\u00e4t und Design auf h\u00f6chstem Niveau. Mit langj\u00e4hriger Erfahrung und [&hellip;]\" \/>\n<meta property=\"og:url\" content=\"https:\/\/kulikgmbh.ch\/?page_id=90\" \/>\n<meta property=\"article:modified_time\" content=\"2025-05-22T17:11:55+00:00\" \/>\n<meta name=\"twitter:card\" content=\"summary_large_image\" \/>\n<meta name=\"twitter:label1\" content=\"Gesch\u00e4tzte Lesezeit\" \/>\n\t<meta name=\"twitter:data1\" content=\"2\u00a0Minuten\" \/>\n<script type=\"application\/ld+json\" class=\"yoast-schema-graph\">{\"@context\":\"https:\/\/schema.org\",\"@graph\":[{\"@type\":\"WebPage\",\"@id\":\"https:\/\/kulikgmbh.ch\/?page_id=90\",\"url\":\"https:\/\/kulikgmbh.ch\/?page_id=90\",\"name\":\"\u00dcBER UNS -\",\"isPartOf\":{\"@id\":\"https:\/\/kulikgmbh.ch\/#website\"},\"datePublished\":\"2019-10-12T14:24:02+00:00\",\"dateModified\":\"2025-05-22T17:11:55+00:00\",\"breadcrumb\":{\"@id\":\"https:\/\/kulikgmbh.ch\/?page_id=90#breadcrumb\"},\"inLanguage\":\"de\",\"potentialAction\":[{\"@type\":\"ReadAction\",\"target\":[\"https:\/\/kulikgmbh.ch\/?page_id=90\"]}]},{\"@type\":\"BreadcrumbList\",\"@id\":\"https:\/\/kulikgmbh.ch\/?page_id=90#breadcrumb\",\"itemListElement\":[{\"@type\":\"ListItem\",\"position\":1,\"name\":\"Startseite\",\"item\":\"https:\/\/kulikgmbh.ch\/\"},{\"@type\":\"ListItem\",\"position\":2,\"name\":\"\u00dcBER UNS\"}]},{\"@type\":\"WebSite\",\"@id\":\"https:\/\/kulikgmbh.ch\/#website\",\"url\":\"https:\/\/kulikgmbh.ch\/\",\"name\":\"\",\"description\":\"\",\"potentialAction\":[{\"@type\":\"SearchAction\",\"target\":{\"@type\":\"EntryPoint\",\"urlTemplate\":\"https:\/\/kulikgmbh.ch\/?s={search_term_string}\"},\"query-input\":{\"@type\":\"PropertyValueSpecification\",\"valueRequired\":true,\"valueName\":\"search_term_string\"}}],\"inLanguage\":\"de\"}]}<\/script>\n<!-- \/ Yoast SEO plugin. -->","yoast_head_json":{"title":"\u00dcBER UNS -","robots":{"index":"index","follow":"follow","max-snippet":"max-snippet:-1","max-image-preview":"max-image-preview:large","max-video-preview":"max-video-preview:-1"},"canonical":"https:\/\/kulikgmbh.ch\/?page_id=90","og_locale":"de_DE","og_type":"article","og_title":"\u00dcBER UNS -","og_description":"\u00dcber uns Sicher. Sch\u00f6n. Best\u00e4ndig.Ihr verl\u00e4sslicher Partner f\u00fcr langlebige und \u00e4sthetische Aussenfl\u00e4chen \u2013 direkt aus der Schweiz. Kulik GmbH ist ein Unternehmen, das sich auf die professionelle Gestaltung und Sanierung von Aussenbereichen spezialisiert hat. Ob Garageneinfahrt, Gartenweg, Balkon, Terrasse oder Fensterbank \u2013 wir verbinden Qualit\u00e4t, Funktionalit\u00e4t und Design auf h\u00f6chstem Niveau. Mit langj\u00e4hriger Erfahrung und [&hellip;]","og_url":"https:\/\/kulikgmbh.ch\/?page_id=90","article_modified_time":"2025-05-22T17:11:55+00:00","twitter_card":"summary_large_image","twitter_misc":{"Gesch\u00e4tzte Lesezeit":"2\u00a0Minuten"},"schema":{"@context":"https:\/\/schema.org","@graph":[{"@type":"WebPage","@id":"https:\/\/kulikgmbh.ch\/?page_id=90","url":"https:\/\/kulikgmbh.ch\/?page_id=90","name":"\u00dcBER UNS -","isPartOf":{"@id":"https:\/\/kulikgmbh.ch\/#website"},"datePublished":"2019-10-12T14:24:02+00:00","dateModified":"2025-05-22T17:11:55+00:00","breadcrumb":{"@id":"https:\/\/kulikgmbh.ch\/?page_id=90#breadcrumb"},"inLanguage":"de","potentialAction":[{"@type":"ReadAction","target":["https:\/\/kulikgmbh.ch\/?page_id=90"]}]},{"@type":"BreadcrumbList","@id":"https:\/\/kulikgmbh.ch\/?page_id=90#breadcrumb","itemListElement":[{"@type":"ListItem","position":1,"name":"Startseite","item":"https:\/\/kulikgmbh.ch\/"},{"@type":"ListItem","position":2,"name":"\u00dcBER UNS"}]},{"@type":"WebSite","@id":"https:\/\/kulikgmbh.ch\/#website","url":"https:\/\/kulikgmbh.ch\/","name":"","description":"","potentialAction":[{"@type":"SearchAction","target":{"@type":"EntryPoint","urlTemplate":"https:\/\/kulikgmbh.ch\/?s={search_term_string}"},"query-input":{"@type":"PropertyValueSpecification","valueRequired":true,"valueName":"search_term_string"}}],"inLanguage":"de"}]}},"_links":{"self":[{"href":"https:\/\/kulikgmbh.ch\/index.php?rest_route=\/wp\/v2\/pages\/90","targetHints":{"allow":["GET"]}}],"collection":[{"href":"https:\/\/kulikgmbh.ch\/index.php?rest_route=\/wp\/v2\/pages"}],"about":[{"href":"https:\/\/kulikgmbh.ch\/index.php?rest_route=\/wp\/v2\/types\/page"}],"author":[{"embeddable":true,"href":"https:\/\/kulikgmbh.ch\/index.php?rest_route=\/wp\/v2\/users\/1"}],"replies":[{"embeddable":true,"href":"https:\/\/kulikgmbh.ch\/index.php?rest_route=%2Fwp%2Fv2%2Fcomments&post=90"}],"version-history":[{"count":13,"href":"https:\/\/kulikgmbh.ch\/index.php?rest_route=\/wp\/v2\/pages\/90\/revisions"}],"predecessor-version":[{"id":551,"href":"https:\/\/kulikgmbh.ch\/index.php?rest_route=\/wp\/v2\/pages\/90\/revisions\/551"}],"wp:attachment":[{"href":"https:\/\/kulikgmbh.ch\/index.php?rest_route=%2Fwp%2Fv2%2Fmedia&parent=90"}],"curies":[{"name":"wp","href":"https:\/\/api.w.org\/{rel}","templated":true}]}}